{"id":48592,"date":"2020-08-04T13:21:59","date_gmt":"2020-08-04T11:21:59","guid":{"rendered":"https:\/\/www.innovatest-europe.com\/?page_id=48592"},"modified":"2025-11-28T09:44:00","modified_gmt":"2025-11-28T08:44:00","slug":"tester-twardosci-uniwersalne","status":"publish","type":"page","link":"https:\/\/www.innovatest-europe.com\/pl\/tester-twardosci-uniwersalne\/","title":{"rendered":"Tester twardo\u015bci Uniwersalne"},"content":{"rendered":"","protected":false},"excerpt":{"rendered":"","protected":false},"author":7,"featured_media":0,"parent":0,"menu_order":98,"comment_status":"closed","ping_status":"closed","template":"","meta":{"_acf_changed":false,"footnotes":""},"class_list":["post-48592","page","type-page","status-publish","hentry"],"acf":[],"yoast_head":"<!-- This site is optimized with the Yoast SEO plugin v27.0 - https:\/\/yoast.com\/product\/yoast-seo-wordpress\/ -->\n<title>Uniwersalne twardo\u015bciomierze |INNOVATEST<\/title>\n<meta name=\"description\" content=\"Uniwersalne twardo\u015bciomierze s\u0105 w urz\u0105dzeniami hybrydowymi, pozwalaj\u0105cymi u\u017cytkownikowi nawykonywanie bada\u0144 twardo\u015bci Rockwella, Vickersa i Brinella\" \/>\n<meta name=\"robots\" content=\"index, follow, max-snippet:-1, max-image-preview:large, max-video-preview:-1\" \/>\n<link rel=\"canonical\" href=\"https:\/\/www.innovatest-europe.com\/pl\/tester-twardosci-uniwersalne\/\" \/>\n<meta property=\"og:locale\" content=\"pl_PL\" \/>\n<meta property=\"og:type\" content=\"article\" \/>\n<meta property=\"og:title\" content=\"Uniwersalne twardo\u015bciomierze |INNOVATEST\" \/>\n<meta property=\"og:description\" content=\"Uniwersalne twardo\u015bciomierze s\u0105 w urz\u0105dzeniami hybrydowymi, pozwalaj\u0105cymi u\u017cytkownikowi nawykonywanie bada\u0144 twardo\u015bci Rockwella, Vickersa i Brinella\" \/>\n<meta property=\"og:url\" content=\"https:\/\/www.innovatest-europe.com\/pl\/tester-twardosci-uniwersalne\/\" \/>\n<meta property=\"og:site_name\" content=\"INNOVATEST\" \/>\n<meta property=\"article:modified_time\" content=\"2025-11-28T08:44:00+00:00\" \/>\n<meta name=\"twitter:card\" content=\"summary_large_image\" \/>\n<meta name=\"twitter:label1\" content=\"Szacowany czas czytania\" \/>\n\t<meta name=\"twitter:data1\" content=\"2 minuty\" \/>\n<script type=\"application\/ld+json\" class=\"yoast-schema-graph\">{\"@context\":\"https:\/\/schema.org\",\"@graph\":[{\"@type\":\"WebPage\",\"@id\":\"https:\/\/www.innovatest-europe.com\/pl\/tester-twardosci-uniwersalne\/\",\"url\":\"https:\/\/www.innovatest-europe.com\/pl\/tester-twardosci-uniwersalne\/\",\"name\":\"Uniwersalne twardo\u015bciomierze |INNOVATEST\",\"isPartOf\":{\"@id\":\"https:\/\/www.innovatest-europe.com\/pl\/#website\"},\"datePublished\":\"2020-08-04T11:21:59+00:00\",\"dateModified\":\"2025-11-28T08:44:00+00:00\",\"description\":\"Uniwersalne twardo\u015bciomierze s\u0105 w urz\u0105dzeniami hybrydowymi, pozwalaj\u0105cymi u\u017cytkownikowi nawykonywanie bada\u0144 twardo\u015bci Rockwella, Vickersa i Brinella\",\"breadcrumb\":{\"@id\":\"https:\/\/www.innovatest-europe.com\/pl\/tester-twardosci-uniwersalne\/#breadcrumb\"},\"inLanguage\":\"pl-PL\",\"potentialAction\":[{\"@type\":\"ReadAction\",\"target\":[\"https:\/\/www.innovatest-europe.com\/pl\/tester-twardosci-uniwersalne\/\"]}]},{\"@type\":\"BreadcrumbList\",\"@id\":\"https:\/\/www.innovatest-europe.com\/pl\/tester-twardosci-uniwersalne\/#breadcrumb\",\"itemListElement\":[{\"@type\":\"ListItem\",\"position\":1,\"name\":\"Home\",\"item\":\"https:\/\/www.innovatest-europe.com\/pl\/\"},{\"@type\":\"ListItem\",\"position\":2,\"name\":\"Tester twardo\u015bci Uniwersalne\"}]},{\"@type\":\"WebSite\",\"@id\":\"https:\/\/www.innovatest-europe.com\/pl\/#website\",\"url\":\"https:\/\/www.innovatest-europe.com\/pl\/\",\"name\":\"INNOVATEST\",\"description\":\"\",\"potentialAction\":[{\"@type\":\"SearchAction\",\"target\":{\"@type\":\"EntryPoint\",\"urlTemplate\":\"https:\/\/www.innovatest-europe.com\/pl\/?s={search_term_string}\"},\"query-input\":{\"@type\":\"PropertyValueSpecification\",\"valueRequired\":true,\"valueName\":\"search_term_string\"}}],\"inLanguage\":\"pl-PL\"}]}<\/script>\n<!-- \/ Yoast SEO plugin. -->","yoast_head_json":{"title":"Uniwersalne twardo\u015bciomierze |INNOVATEST","description":"Uniwersalne twardo\u015bciomierze s\u0105 w urz\u0105dzeniami hybrydowymi, pozwalaj\u0105cymi u\u017cytkownikowi nawykonywanie bada\u0144 twardo\u015bci Rockwella, Vickersa i Brinella","robots":{"index":"index","follow":"follow","max-snippet":"max-snippet:-1","max-image-preview":"max-image-preview:large","max-video-preview":"max-video-preview:-1"},"canonical":"https:\/\/www.innovatest-europe.com\/pl\/tester-twardosci-uniwersalne\/","og_locale":"pl_PL","og_type":"article","og_title":"Uniwersalne twardo\u015bciomierze |INNOVATEST","og_description":"Uniwersalne twardo\u015bciomierze s\u0105 w urz\u0105dzeniami hybrydowymi, pozwalaj\u0105cymi u\u017cytkownikowi nawykonywanie bada\u0144 twardo\u015bci Rockwella, Vickersa i Brinella","og_url":"https:\/\/www.innovatest-europe.com\/pl\/tester-twardosci-uniwersalne\/","og_site_name":"INNOVATEST","article_modified_time":"2025-11-28T08:44:00+00:00","twitter_card":"summary_large_image","twitter_misc":{"Szacowany czas czytania":"2 minuty"},"schema":{"@context":"https:\/\/schema.org","@graph":[{"@type":"WebPage","@id":"https:\/\/www.innovatest-europe.com\/pl\/tester-twardosci-uniwersalne\/","url":"https:\/\/www.innovatest-europe.com\/pl\/tester-twardosci-uniwersalne\/","name":"Uniwersalne twardo\u015bciomierze |INNOVATEST","isPartOf":{"@id":"https:\/\/www.innovatest-europe.com\/pl\/#website"},"datePublished":"2020-08-04T11:21:59+00:00","dateModified":"2025-11-28T08:44:00+00:00","description":"Uniwersalne twardo\u015bciomierze s\u0105 w urz\u0105dzeniami hybrydowymi, pozwalaj\u0105cymi u\u017cytkownikowi nawykonywanie bada\u0144 twardo\u015bci Rockwella, Vickersa i Brinella","breadcrumb":{"@id":"https:\/\/www.innovatest-europe.com\/pl\/tester-twardosci-uniwersalne\/#breadcrumb"},"inLanguage":"pl-PL","potentialAction":[{"@type":"ReadAction","target":["https:\/\/www.innovatest-europe.com\/pl\/tester-twardosci-uniwersalne\/"]}]},{"@type":"BreadcrumbList","@id":"https:\/\/www.innovatest-europe.com\/pl\/tester-twardosci-uniwersalne\/#breadcrumb","itemListElement":[{"@type":"ListItem","position":1,"name":"Home","item":"https:\/\/www.innovatest-europe.com\/pl\/"},{"@type":"ListItem","position":2,"name":"Tester twardo\u015bci Uniwersalne"}]},{"@type":"WebSite","@id":"https:\/\/www.innovatest-europe.com\/pl\/#website","url":"https:\/\/www.innovatest-europe.com\/pl\/","name":"INNOVATEST","description":"","potentialAction":[{"@type":"SearchAction","target":{"@type":"EntryPoint","urlTemplate":"https:\/\/www.innovatest-europe.com\/pl\/?s={search_term_string}"},"query-input":{"@type":"PropertyValueSpecification","valueRequired":true,"valueName":"search_term_string"}}],"inLanguage":"pl-PL"}]}},"_links":{"self":[{"href":"https:\/\/www.innovatest-europe.com\/pl\/wp-json\/wp\/v2\/pages\/48592","targetHints":{"allow":["GET"]}}],"collection":[{"href":"https:\/\/www.innovatest-europe.com\/pl\/wp-json\/wp\/v2\/pages"}],"about":[{"href":"https:\/\/www.innovatest-europe.com\/pl\/wp-json\/wp\/v2\/types\/page"}],"author":[{"embeddable":true,"href":"https:\/\/www.innovatest-europe.com\/pl\/wp-json\/wp\/v2\/users\/7"}],"replies":[{"embeddable":true,"href":"https:\/\/www.innovatest-europe.com\/pl\/wp-json\/wp\/v2\/comments?post=48592"}],"version-history":[{"count":6,"href":"https:\/\/www.innovatest-europe.com\/pl\/wp-json\/wp\/v2\/pages\/48592\/revisions"}],"predecessor-version":[{"id":229144,"href":"https:\/\/www.innovatest-europe.com\/pl\/wp-json\/wp\/v2\/pages\/48592\/revisions\/229144"}],"wp:attachment":[{"href":"https:\/\/www.innovatest-europe.com\/pl\/wp-json\/wp\/v2\/media?parent=48592"}],"curies":[{"name":"wp","href":"https:\/\/api.w.org\/{rel}","templated":true}]}}