{"id":14135,"date":"2019-11-25T13:27:16","date_gmt":"2019-11-25T12:27:16","guid":{"rendered":"https:\/\/www.innovatest-europe.com\/pruefverfahren\/testing-methods-rockwell\/"},"modified":"2025-11-28T08:41:16","modified_gmt":"2025-11-28T07:41:16","slug":"rockwell-haertepruefmaschine","status":"publish","type":"page","link":"https:\/\/www.innovatest-europe.com\/de\/rockwell-haertepruefmaschine\/","title":{"rendered":"Rockwell H\u00e4rtepr\u00fcfmaschine"},"content":{"rendered":"","protected":false},"excerpt":{"rendered":"","protected":false},"author":7,"featured_media":0,"parent":0,"menu_order":86,"comment_status":"closed","ping_status":"closed","template":"","meta":{"_acf_changed":false,"footnotes":""},"class_list":["post-14135","page","type-page","status-publish","hentry"],"acf":[],"yoast_head":"<!-- This site is optimized with the Yoast SEO plugin v27.0 - https:\/\/yoast.com\/product\/yoast-seo-wordpress\/ -->\n<title>Rockwell H\u00e4rtepr\u00fcfmaschine | Vertrauensw\u00fcrdige Pr\u00fcfger\u00e4te<\/title>\n<meta name=\"description\" content=\"Erforschen Sie unsere Rockwell-H\u00e4rtepr\u00fcfger\u00e4te f\u00fcr eine konsistente und schnelle Materialpr\u00fcfung. Vertrauensw\u00fcrdige L\u00f6sungen f\u00fcr industrielle Anwendungen.\" \/>\n<meta name=\"robots\" content=\"index, follow, max-snippet:-1, max-image-preview:large, max-video-preview:-1\" \/>\n<link rel=\"canonical\" href=\"https:\/\/www.innovatest-europe.com\/de\/rockwell-haertepruefmaschine\/\" \/>\n<meta property=\"og:locale\" content=\"de_DE\" \/>\n<meta property=\"og:type\" content=\"article\" \/>\n<meta property=\"og:title\" content=\"Rockwell H\u00e4rtepr\u00fcfmaschine | Vertrauensw\u00fcrdige Pr\u00fcfger\u00e4te\" \/>\n<meta property=\"og:description\" content=\"Erforschen Sie unsere Rockwell-H\u00e4rtepr\u00fcfger\u00e4te f\u00fcr eine konsistente und schnelle Materialpr\u00fcfung. Vertrauensw\u00fcrdige L\u00f6sungen f\u00fcr industrielle Anwendungen.\" \/>\n<meta property=\"og:url\" content=\"https:\/\/www.innovatest-europe.com\/de\/rockwell-haertepruefmaschine\/\" \/>\n<meta property=\"og:site_name\" content=\"INNOVATEST\" \/>\n<meta property=\"article:modified_time\" content=\"2025-11-28T07:41:16+00:00\" \/>\n<meta name=\"twitter:card\" content=\"summary_large_image\" \/>\n<meta name=\"twitter:label1\" content=\"Gesch\u00e4tzte Lesezeit\" \/>\n\t<meta name=\"twitter:data1\" content=\"3\u00a0Minuten\" \/>\n<script type=\"application\/ld+json\" class=\"yoast-schema-graph\">{\"@context\":\"https:\/\/schema.org\",\"@graph\":[{\"@type\":\"WebPage\",\"@id\":\"https:\/\/www.innovatest-europe.com\/de\/rockwell-haertepruefmaschine\/\",\"url\":\"https:\/\/www.innovatest-europe.com\/de\/rockwell-haertepruefmaschine\/\",\"name\":\"Rockwell H\u00e4rtepr\u00fcfmaschine | Vertrauensw\u00fcrdige Pr\u00fcfger\u00e4te\",\"isPartOf\":{\"@id\":\"https:\/\/www.innovatest-europe.com\/de\/#website\"},\"datePublished\":\"2019-11-25T12:27:16+00:00\",\"dateModified\":\"2025-11-28T07:41:16+00:00\",\"description\":\"Erforschen Sie unsere Rockwell-H\u00e4rtepr\u00fcfger\u00e4te f\u00fcr eine konsistente und schnelle Materialpr\u00fcfung. Vertrauensw\u00fcrdige L\u00f6sungen f\u00fcr industrielle Anwendungen.\",\"breadcrumb\":{\"@id\":\"https:\/\/www.innovatest-europe.com\/de\/rockwell-haertepruefmaschine\/#breadcrumb\"},\"inLanguage\":\"de\",\"potentialAction\":[{\"@type\":\"ReadAction\",\"target\":[\"https:\/\/www.innovatest-europe.com\/de\/rockwell-haertepruefmaschine\/\"]}]},{\"@type\":\"BreadcrumbList\",\"@id\":\"https:\/\/www.innovatest-europe.com\/de\/rockwell-haertepruefmaschine\/#breadcrumb\",\"itemListElement\":[{\"@type\":\"ListItem\",\"position\":1,\"name\":\"Home\",\"item\":\"https:\/\/www.innovatest-europe.com\/de\/\"},{\"@type\":\"ListItem\",\"position\":2,\"name\":\"Rockwell H\u00e4rtepr\u00fcfmaschine\"}]},{\"@type\":\"WebSite\",\"@id\":\"https:\/\/www.innovatest-europe.com\/de\/#website\",\"url\":\"https:\/\/www.innovatest-europe.com\/de\/\",\"name\":\"INNOVATEST\",\"description\":\"\",\"potentialAction\":[{\"@type\":\"SearchAction\",\"target\":{\"@type\":\"EntryPoint\",\"urlTemplate\":\"https:\/\/www.innovatest-europe.com\/de\/?s={search_term_string}\"},\"query-input\":{\"@type\":\"PropertyValueSpecification\",\"valueRequired\":true,\"valueName\":\"search_term_string\"}}],\"inLanguage\":\"de\"}]}<\/script>\n<!-- \/ Yoast SEO plugin. -->","yoast_head_json":{"title":"Rockwell H\u00e4rtepr\u00fcfmaschine | Vertrauensw\u00fcrdige Pr\u00fcfger\u00e4te","description":"Erforschen Sie unsere Rockwell-H\u00e4rtepr\u00fcfger\u00e4te f\u00fcr eine konsistente und schnelle Materialpr\u00fcfung. Vertrauensw\u00fcrdige L\u00f6sungen f\u00fcr industrielle Anwendungen.","robots":{"index":"index","follow":"follow","max-snippet":"max-snippet:-1","max-image-preview":"max-image-preview:large","max-video-preview":"max-video-preview:-1"},"canonical":"https:\/\/www.innovatest-europe.com\/de\/rockwell-haertepruefmaschine\/","og_locale":"de_DE","og_type":"article","og_title":"Rockwell H\u00e4rtepr\u00fcfmaschine | Vertrauensw\u00fcrdige Pr\u00fcfger\u00e4te","og_description":"Erforschen Sie unsere Rockwell-H\u00e4rtepr\u00fcfger\u00e4te f\u00fcr eine konsistente und schnelle Materialpr\u00fcfung. Vertrauensw\u00fcrdige L\u00f6sungen f\u00fcr industrielle Anwendungen.","og_url":"https:\/\/www.innovatest-europe.com\/de\/rockwell-haertepruefmaschine\/","og_site_name":"INNOVATEST","article_modified_time":"2025-11-28T07:41:16+00:00","twitter_card":"summary_large_image","twitter_misc":{"Gesch\u00e4tzte Lesezeit":"3\u00a0Minuten"},"schema":{"@context":"https:\/\/schema.org","@graph":[{"@type":"WebPage","@id":"https:\/\/www.innovatest-europe.com\/de\/rockwell-haertepruefmaschine\/","url":"https:\/\/www.innovatest-europe.com\/de\/rockwell-haertepruefmaschine\/","name":"Rockwell H\u00e4rtepr\u00fcfmaschine | Vertrauensw\u00fcrdige Pr\u00fcfger\u00e4te","isPartOf":{"@id":"https:\/\/www.innovatest-europe.com\/de\/#website"},"datePublished":"2019-11-25T12:27:16+00:00","dateModified":"2025-11-28T07:41:16+00:00","description":"Erforschen Sie unsere Rockwell-H\u00e4rtepr\u00fcfger\u00e4te f\u00fcr eine konsistente und schnelle Materialpr\u00fcfung. Vertrauensw\u00fcrdige L\u00f6sungen f\u00fcr industrielle Anwendungen.","breadcrumb":{"@id":"https:\/\/www.innovatest-europe.com\/de\/rockwell-haertepruefmaschine\/#breadcrumb"},"inLanguage":"de","potentialAction":[{"@type":"ReadAction","target":["https:\/\/www.innovatest-europe.com\/de\/rockwell-haertepruefmaschine\/"]}]},{"@type":"BreadcrumbList","@id":"https:\/\/www.innovatest-europe.com\/de\/rockwell-haertepruefmaschine\/#breadcrumb","itemListElement":[{"@type":"ListItem","position":1,"name":"Home","item":"https:\/\/www.innovatest-europe.com\/de\/"},{"@type":"ListItem","position":2,"name":"Rockwell H\u00e4rtepr\u00fcfmaschine"}]},{"@type":"WebSite","@id":"https:\/\/www.innovatest-europe.com\/de\/#website","url":"https:\/\/www.innovatest-europe.com\/de\/","name":"INNOVATEST","description":"","potentialAction":[{"@type":"SearchAction","target":{"@type":"EntryPoint","urlTemplate":"https:\/\/www.innovatest-europe.com\/de\/?s={search_term_string}"},"query-input":{"@type":"PropertyValueSpecification","valueRequired":true,"valueName":"search_term_string"}}],"inLanguage":"de"}]}},"_links":{"self":[{"href":"https:\/\/www.innovatest-europe.com\/de\/wp-json\/wp\/v2\/pages\/14135","targetHints":{"allow":["GET"]}}],"collection":[{"href":"https:\/\/www.innovatest-europe.com\/de\/wp-json\/wp\/v2\/pages"}],"about":[{"href":"https:\/\/www.innovatest-europe.com\/de\/wp-json\/wp\/v2\/types\/page"}],"author":[{"embeddable":true,"href":"https:\/\/www.innovatest-europe.com\/de\/wp-json\/wp\/v2\/users\/7"}],"replies":[{"embeddable":true,"href":"https:\/\/www.innovatest-europe.com\/de\/wp-json\/wp\/v2\/comments?post=14135"}],"version-history":[{"count":15,"href":"https:\/\/www.innovatest-europe.com\/de\/wp-json\/wp\/v2\/pages\/14135\/revisions"}],"predecessor-version":[{"id":229121,"href":"https:\/\/www.innovatest-europe.com\/de\/wp-json\/wp\/v2\/pages\/14135\/revisions\/229121"}],"wp:attachment":[{"href":"https:\/\/www.innovatest-europe.com\/de\/wp-json\/wp\/v2\/media?parent=14135"}],"curies":[{"name":"wp","href":"https:\/\/api.w.org\/{rel}","templated":true}]}}